{"id":375,"date":"2020-12-06T22:27:10","date_gmt":"2020-12-06T20:27:10","guid":{"rendered":"https:\/\/sporthistory.eu\/?page_id=375"},"modified":"2023-07-27T18:49:47","modified_gmt":"2023-07-27T16:49:47","slug":"%ce%bf%ce%b9-%ce%b1%ce%b8%ce%bb%ce%b7%cf%84%ce%ad%cf%82-%cf%84%ce%bf%cf%85-%ce%bc%ce%bf%cf%85%cf%83%ce%b5%ce%af%ce%bf%cf%85","status":"publish","type":"page","link":"https:\/\/sporthistory.eu\/en\/%ce%bf%ce%b9-%ce%b1%ce%b8%ce%bb%ce%b7%cf%84%ce%ad%cf%82-%cf%84%ce%bf%cf%85-%ce%bc%ce%bf%cf%85%cf%83%ce%b5%ce%af%ce%bf%cf%85\/","title":{"rendered":"The athletes of museum"},"content":{"rendered":"<p>On this museum there are jerseys of the following athletes:<\/p>\n<p>Agamez Liberman<\/p>\n<p>Agravanis Dimitris (\u0391\u03b3\u03c1\u03b1\u03b2\u03ac\u03bd\u03b7\u03c2 \u0394\u03b7\u03bc\u03ae\u03c4\u03c1\u03b7\u03c2)<\/p>\n<p>Ag\u00fcero \u201cKun\u201d Sergio Leonel<\/p>\n<p>Akta\u015f Ceyda<\/p>\n<p>Anastasopoulos Nikos (\u0391\u03bd\u03b1\u03c3\u03c4\u03b1\u03c3\u03cc\u03c0\u03bf\u03c5\u03bb\u03bf\u03c2 \u039d\u03af\u03ba\u03bf\u03c2)<\/p>\n<p>Antetokoumpo Giannis (\u0391\u03bd\u03c4\u03b5\u03c4\u03bf\u03ba\u03bf\u03cd\u03bc\u03c0\u03bf \u0393\u03b9\u03ac\u03bd\u03bd\u03b7\u03c2)<\/p>\n<p>Ar\u00e1nguiz Charles Mariano<\/p>\n<p>Aravidis Christos (\u0391\u03c1\u03b1\u03b2\u03af\u03b4\u03b7\u03c2 \u03a7\u03c1\u03ae\u03c3\u03c4\u03bf\u03c2)<\/p>\n<p>Arvaniti Vicky (\u0391\u03c1\u03b2\u03b1\u03bd\u03af\u03c4\u03b7 \u0392\u03af\u03ba\u03c5)<\/p>\n<p>Astori Davide<\/p>\n<p>Baggio Roberto<\/p>\n<p>Bale Gareth<\/p>\n<p>Barrales Jer\u00f3nimo<\/p>\n<p>Belinelli Marco<\/p>\n<p>Beljic Nikola<\/p>\n<p>Belos Christos (\u039c\u03c0\u03ad\u03bb\u03bf\u03c2 \u03a7\u03c1\u03ae\u03c3\u03c4\u03bf\u03c2)<\/p>\n<p>Bodiroga Dejan<\/p>\n<p>Bojovi\u0107 Milan<\/p>\n<p>Brown Ideye<\/p>\n<p>Bruno Gama<\/p>\n<p>Calathes Nick<\/p>\n<p>Cantagalli Diego<\/p>\n<p>Carrasco Yannick Ferreira<\/p>\n<p>Carrillo D\u00edaz Andr\u00e9 Mart\u00edn<\/p>\n<p>Caruso Alex<\/p>\n<p>Charitonidis Giannis (\u03a7\u03b1\u03c1\u03b9\u03c4\u03c9\u03bd\u03af\u03b4\u03b7\u03c2 \u0393\u03b9\u03ac\u03bd\u03bd\u03b7\u03c2)<\/p>\n<p>Chatzidimitriou Michalis (\u03a7\u03b1\u03c4\u03b6\u03b7\u03b4\u03b7\u03bc\u03b7\u03c4\u03c1\u03af\u03bf\u03c5 \u039c\u03b9\u03c7\u03ac\u03bb\u03b7\u03c2)<\/p>\n<p>Chatzigiovanis Tasos (\u03a7\u03b1\u03c4\u03b6\u03b7\u03b3\u03b9\u03bf\u03b2\u03ac\u03bd\u03b7\u03c2 \u03a4\u03ac\u03c3\u03bf\u03c2)<\/p>\n<p>Chicharito Javier Hern\u00e1ndez<\/p>\n<p>Chrisikopoulos Linos (\u03a7\u03c1\u03c5\u03c3\u03b9\u03ba\u03cc\u03c0\u03bf\u03c5\u03bb\u03bf\u03c2 \u039b\u03af\u03bd\u03bf\u03c2)<\/p>\n<p>Christensen Andreas<\/p>\n<p>Coman Kingsley Junior<\/p>\n<p>Costa Mariana Andrade<\/p>\n<p>Cruyff Johan<\/p>\n<p>Dalglish Kenny<\/p>\n<p>Deco<\/p>\n<p>Del Piero Alessandro<\/p>\n<p>Depay Memphis<\/p>\n<p>Deschamps Didier<\/p>\n<p>DJ Cooper<\/p>\n<p>Dybala Paulo<\/p>\n<p>Ekonomidou Maria (\u039f\u03b9\u03ba\u03bf\u03bd\u03bf\u03bc\u03af\u03b4\u03bf\u03c5 \u039c\u03b1\u03c1\u03af\u03b1)<\/p>\n<p>Eriksen Christian<\/p>\n<p>Fabregas Cesk<\/p>\n<p>Falcao Radamel<\/p>\n<p>Firmino Roberto<\/p>\n<p>Fitanidis Sokratis (\u03a6\u03c5\u03c4\u03b1\u03bd\u03af\u03b4\u03b7\u03c2 \u03a3\u03c9\u03ba\u03c1\u03ac\u03c4\u03b7\u03c2)<\/p>\n<p>Gabriel Barbosa<\/p>\n<p>Garrincha<\/p>\n<p>Gasol Pau<\/p>\n<p>Gatsis Anastasios (\u0393\u03ac\u03c4\u03c3\u03b7\u03c2 \u0391\u03bd\u03b1\u03c3\u03c4\u03ac\u03c3\u03b9\u03bf\u03c2)<\/p>\n<p>Gazis Thanasis (\u0393\u03b1\u03b6\u03ae\u03c2 \u0398\u03b1\u03bd\u03ac\u03c3\u03b7\u03c2)<\/p>\n<p>Genaro Rodr\u00edguez<\/p>\n<p>Georgiadis K. Giorgos (\u0393\u03b5\u03c9\u03c1\u03b3\u03b9\u03ac\u03b4\u03b7\u03c2 \u039a. \u0393\u03b9\u03ce\u03c1\u03b3\u03bf\u03c2)<\/p>\n<p>Giggs Ryan<\/p>\n<p>G\u00f3mez Ernardo<\/p>\n<p>Gonzalez Ezequiel<\/p>\n<p>Grothues Maret<\/p>\n<p>Guimar\u00e3es Gabriela \u201cGabi\u201d<\/p>\n<p>Gunnarsson Aron Einar Malmquist<\/p>\n<p>Homan Jared<\/p>\n<p>Hoolahan Wesley<\/p>\n<p>Hudson-Odoi<\/p>\n<p>Huntelaar Klaas-Jan<\/p>\n<p>Ibrahimovi\u0107 Zlatan<\/p>\n<p>Jorginho Jorge Luiz Frello Filho<\/p>\n<p>Jovi\u0107 Stefan<\/p>\n<p>Kace Ergys<\/p>\n<p>Kagawa Shinji<\/p>\n<p>Kaltsas Nikos (\u039a\u03b1\u03bb\u03c4\u03c3\u03ac\u03c2 \u039d\u03af\u03ba\u03bf\u03c2)<\/p>\n<p>Kapsalis Stelios (\u039a\u03b1\u03c8\u03ac\u03bb\u03b7\u03c2 \u03a3\u03c4\u03ad\u03bb\u03b9\u03bf\u03c2)<\/p>\n<p>Karassavidis Vasilis (\u039a\u03b1\u03c1\u03b1\u03c3\u03c3\u03b1\u03b2\u03af\u03b4\u03b7\u03c2 \u0392\u03b1\u03c3\u03af\u03bb\u03b7\u03c2)<\/p>\n<p>Karnezis Orestis (\u039a\u03b1\u03c1\u03bd\u03ad\u03b6\u03b7\u03c2 \u039f\u03c1\u03ad\u03c3\u03c4\u03b7\u03c2)<\/p>\n<p>Karpouza Anna (\u039a\u03b1\u03c1\u03c0\u03bf\u03c5\u03b6\u03ac \u0386\u03bd\u03bd\u03b1)<\/p>\n<p>Katsouranis Kostas (\u039a\u03b1\u03c4\u03c3\u03bf\u03c5\u03c1\u03ac\u03bd\u03b7\u03c2 \u039a\u03ce\u03c3\u03c4\u03b1\u03c2)<\/p>\n<p>Kattash Oded<\/p>\n<p>Kavvadia Angeliki (\u039a\u03b1\u03b2\u03b2\u03b1\u03b4\u03af\u03b1 \u0391\u03b3\u03b3\u03b5\u03bb\u03b9\u03ba\u03ae)<\/p>\n<p>Kindvall Ove<\/p>\n<p>Kluivert Patrick<\/p>\n<p>Kompany Vincent<\/p>\n<p>Koronios Aggelos<\/p>\n<p>Kosma Sofia (\u039a\u03bf\u03c3\u03bc\u03ac \u03a3\u03bf\u03c6\u03af\u03b1)<\/p>\n<p>Kovachev Antonis (\u039a\u03cc\u03b2\u03b1\u03c4\u03c3\u03b5\u03c6 \u0391\u03bd\u03c4\u03ce\u03bd\u03b7\u03c2)<\/p>\n<p>Kroos Toni<\/p>\n<p>Kutluay Ibrahim<\/p>\n<p>Labrousi Tzina (\u039b\u03b1\u03bc\u03c0\u03c1\u03bf\u03cd\u03c3\u03b7 \u03a4\u03b6\u03af\u03bd\u03b1)<\/p>\n<p>Lakovic Jaka<\/p>\n<p>Leonard Kawhi<\/p>\n<p>Leontiou Sotiris<\/p>\n<p>Lukaku Romelu<\/p>\n<p>Mahmutoglu Melih<\/p>\n<p>Mahrez Riyad Karim<\/p>\n<p>Maldini Paolo<\/p>\n<p>Manolas Kostas (\u039c\u03b1\u03bd\u03c9\u03bb\u03ac\u03c2 \u039a\u03ce\u03c3\u03c4\u03b1\u03c2)<\/p>\n<p>Margaritis Vaggelis (\u039c\u03b1\u03c1\u03b3\u03b1\u03c1\u03af\u03c4\u03b7\u03c2 \u0392\u03b1\u03b3\u03b3\u03ad\u03bb\u03b7\u03c2)<\/p>\n<p>Mbapp\u00e9 Kylian<\/p>\n<p>Meireles Raul<\/p>\n<p>Messi Lionel<\/p>\n<p>Miroti\u0107 Nikola<\/p>\n<p>Mitsimponas Giorgos (\u039c\u03b7\u03c4\u03c3\u03b9\u03bc\u03c0\u03cc\u03bd\u03b1\u03c2 \u0393\u03b9\u03ce\u03c1\u03b3\u03bf\u03c2)<\/p>\n<p>Modric Luka<\/p>\n<p>Mpouzoukis Giannis (\u039c\u03c0\u03bf\u03c5\u03b6\u03bf\u03cd\u03ba\u03b7\u03c2 \u0393\u03b9\u03ac\u03bd\u03bd\u03b7\u03c2)<\/p>\n<p>M\u00fcller Gerd<\/p>\n<p>Nano Mariano Gonz\u00e1lez Maroto<\/p>\n<p>Nedovic Nemanja<\/p>\n<p>Neykova Polina<\/p>\n<p>Ouzounidis Marinos (\u039f\u03c5\u03b6\u03bf\u03c5\u03bd\u03af\u03b4\u03b7\u03c2 \u039c\u03b1\u03c1\u03af\u03bd\u03bf\u03c2)<\/p>\n<p>Owen Michael<\/p>\n<p>Palentzas Nikos<\/p>\n<p>Papafotiou Athina (\u03a0\u03b1\u03c0\u03b1\u03c6\u03c9\u03c4\u03af\u03bf\u03c5 \u0391\u03b8\u03b7\u03bd\u03ac)<\/p>\n<p>Papastathopoylos Sokratis (\u03a0\u03b1\u03c0\u03b1\u03c3\u03c4\u03b1\u03b8\u03cc\u03c0\u03bf\u03c5\u03bb\u03bf\u03c2 \u03a3\u03c9\u03ba\u03c1\u03ac\u03c4\u03b7\u03c2)<\/p>\n<p>P\u00e9rez Rub\u00e9n<\/p>\n<p>Pouggouras Achilleas (\u03a0\u03bf\u03cd\u03b3\u03b3\u03bf\u03c5\u03c1\u03b1\u03c2 \u0391\u03c7\u03b9\u03bb\u03bb\u03ad\u03b1\u03c2)<\/p>\n<p>Prati Pierino<\/p>\n<p>Protopsaltis Thanasis (\u03c0\u03c1\u03c9\u03c4\u03bf\u03c8\u03ac\u03bb\u03c4\u03b7\u03c2 \u0398\u03b1\u03bd\u03ac\u03c3\u03b7\u03c2)<\/p>\n<p>Raduljica Miroslav<\/p>\n<p>Redondo Fernando<\/p>\n<p>Reus Marco<\/p>\n<p>Rib\u00e9ry Franck<\/p>\n<p>Robinho Robson de Souza<\/p>\n<p>Rodriguez James<\/p>\n<p>Ronaldinho<\/p>\n<p>Ronaldo Cristiano<\/p>\n<p>Ronaldo Lu\u00eds Naz\u00e1rio de Lima<\/p>\n<p>Rumbullaku Simo<\/p>\n<p>Saganowski Marek<\/p>\n<p>Savvidis Nikos (\u03a3\u03b1\u03b2\u03b2\u03af\u03b4\u03b7\u03c2 \u039d\u03af\u03ba\u03bf\u03c2)<\/p>\n<p>Seitaridis Giourkas (\u03a3\u03b5\u03ca\u03c4\u03b1\u03c1\u03af\u03b4\u03b7\u03c2 \u0393\u03b9\u03bf\u03cd\u03c1\u03ba\u03b1\u03c2)<\/p>\n<p>Shashiashvili Giorgi<\/p>\n<p>Shengelia Tornike &#8220;Toko&#8221;<\/p>\n<p>Shirinina Anastasia (\u03a3\u03b9\u03c1\u03af\u03bd\u03b9\u03bd\u03b1 \u0391\u03bd\u03b1\u03c3\u03c4\u03b1\u03c3\u03af\u03b1)<\/p>\n<p>Shved Alexey<\/p>\n<p>Sissoko Ibrahim<\/p>\n<p>Smith Alan<\/p>\n<p>Spanoulis Vasilis (\u03a3\u03c0\u03b1\u03bd\u03bf\u03cd\u03bb\u03b7\u03c2 \u0392\u03b1\u03c3\u03af\u03bb\u03b7\u03c2)<\/p>\n<p>Spinazzola Leonardo<\/p>\n<p>Stefanou Giorgos (\u03a3\u03c4\u03b5\u03c6\u03ac\u03bd\u03bf\u03c5 \u0393\u03b9\u03ce\u03c1\u03b3\u03bf\u03c2)<\/p>\n<p>Strantzali Olga (\u03a3\u03c4\u03c1\u03ac\u03bd\u03c4\u03b6\u03b1\u03bb\u03b7 \u038c\u03bb\u03b3\u03b1)<\/p>\n<p>Suker Davor<\/p>\n<p>Takouridis Giannis (\u03a4\u03b1\u03ba\u03bf\u03c5\u03c1\u03af\u03b4\u03b7\u03c2 \u0393\u03b9\u03ac\u03bd\u03bd\u03b7\u03c2)<\/p>\n<p>Takouridis Giannis (\u03a4\u03b1\u03ba\u03bf\u03c5\u03c1\u03af\u03b4\u03b7\u03c2 \u0393\u03b9\u03ac\u03bd\u03bd\u03b7\u03c2)<\/p>\n<p>Taylor Jeffrey<\/p>\n<p>Tevez Carlos<\/p>\n<p>Totti Francesco<\/p>\n<p>Tsakiropoulos Antonis (\u03a4\u03c3\u03b1\u03ba\u03b9\u03c1\u03cc\u03c0\u03bf\u03c5\u03bb\u03bf\u03c2 \u0391\u03bd\u03c4\u03ce\u03bd\u03b7\u03c2)<\/p>\n<p>Tsimikas Kostas (\u03a4\u03c3\u03b9\u03bc\u03af\u03ba\u03b1\u03c2 \u039a\u03ce\u03c3\u03c4\u03b1\u03c2)<\/p>\n<p>Tzioumakas Giorgos (\u03a4\u03b6\u03b9\u03bf\u03c5\u03bc\u03ac\u03ba\u03b1\u03c2 \u0393\u03b9\u03ce\u03c1\u03b3\u03bf\u03c2)<\/p>\n<p>Van Dijk Virgil<\/p>\n<p>Vardy Jamie<\/p>\n<p>Vasilantonaki Anthi (\u0392\u03b1\u03c3\u03b9\u03bb\u03b1\u03bd\u03c4\u03c9\u03bd\u03ac\u03ba\u03b7 \u0391\u03bd\u03b8\u03ae)<\/p>\n<p>Vasileiadis Konstantinos (\u0392\u03b1\u03c3\u03b9\u03bb\u03b5\u03b9\u03ac\u03b4\u03b7\u03c2 \u039a\u03c9\u03bd\u03c3\u03c4\u03b1\u03bd\u03c4\u03af\u03bd\u03bf\u03c2)<\/p>\n<p>Ver\u00f3n Juan Sebasti\u00e1n<\/p>\n<p>Vieirinha Andelino<\/p>\n<p>Vlachaki Konstantina (\u0392\u03bb\u03b1\u03c7\u03ac\u03ba\u03b7 \u039a\u03c9\u03bd\u03c3\u03c4\u03b1\u03bd\u03c4\u03af\u03bd\u03b1)<\/p>\n<p>Voulkidis Theodoros (\u0392\u03bf\u03c5\u03bb\u03ba\u03af\u03b4\u03b7\u03c2 \u0398\u03b5\u03cc\u03b4\u03c9\u03c1\u03bf\u03c2)<\/p>\n<p>Williams I\u00f1aki<\/p>\n<p>Zanetti Javier<\/p>\n<p>Zisopoulos Giorgos (\u0396\u03b7\u03c3\u03cc\u03c0\u03bf\u03c5\u03bb\u03bf\u03c2 \u0393\u03b9\u03ce\u03c1\u03b3\u03bf\u03c2)<\/p>\n<p>Zola Gianfranco<\/p>","protected":false},"excerpt":{"rendered":"<p>\u03a3\u03c4\u03bf \u03bc\u03bf\u03c5\u03c3\u03b5\u03af\u03bf \u03b1\u03c5\u03c4\u03cc \u03c5\u03c0\u03ac\u03c1\u03c7\u03bf\u03c5\u03bd \u03b5\u03bc\u03c6\u03b1\u03bd\u03af\u03c3\u03b5\u03b9\u03c2 \u03c4\u03c9\u03bd \u03c0\u03b1\u03c1\u03b1\u03ba\u03ac\u03c4\u03c9 \u03b1\u03b8\u03bb\u03b7\u03c4\u03ce\u03bd: Agamez Liberman Agravanis Dimitris (\u0391\u03b3\u03c1\u03b1\u03b2\u03ac\u03bd\u03b7\u03c2 \u0394\u03b7\u03bc\u03ae\u03c4\u03c1\u03b7\u03c2) Ag\u00fcero \u201cKun\u201d Sergio Leonel Akta\u015f Ceyda&hellip; <a class=\"read-more\" href=\"https:\/\/sporthistory.eu\/en\/%ce%bf%ce%b9-%ce%b1%ce%b8%ce%bb%ce%b7%cf%84%ce%ad%cf%82-%cf%84%ce%bf%cf%85-%ce%bc%ce%bf%cf%85%cf%83%ce%b5%ce%af%ce%bf%cf%85\/\">Continue reading<\/a><\/p>","protected":false},"author":1,"featured_media":0,"parent":0,"menu_order":0,"comment_status":"closed","ping_status":"closed","template":"","meta":{"pagelayer_contact_templates":[],"_pagelayer_content":"","_monsterinsights_skip_tracking":false,"_monsterinsights_sitenote_active":false,"_monsterinsights_sitenote_note":"","_monsterinsights_sitenote_category":0,"footnotes":""},"class_list":["post-375","page","type-page","status-publish","hentry"],"aioseo_notices":[],"_links":{"self":[{"href":"https:\/\/sporthistory.eu\/en\/wp-json\/wp\/v2\/pages\/375","targetHints":{"allow":["GET"]}}],"collection":[{"href":"https:\/\/sporthistory.eu\/en\/wp-json\/wp\/v2\/pages"}],"about":[{"href":"https:\/\/sporthistory.eu\/en\/wp-json\/wp\/v2\/types\/page"}],"author":[{"embeddable":true,"href":"https:\/\/sporthistory.eu\/en\/wp-json\/wp\/v2\/users\/1"}],"replies":[{"embeddable":true,"href":"https:\/\/sporthistory.eu\/en\/wp-json\/wp\/v2\/comments?post=375"}],"version-history":[{"count":0,"href":"https:\/\/sporthistory.eu\/en\/wp-json\/wp\/v2\/pages\/375\/revisions"}],"wp:attachment":[{"href":"https:\/\/sporthistory.eu\/en\/wp-json\/wp\/v2\/media?parent=375"}],"curies":[{"name":"wp","href":"https:\/\/api.w.org\/{rel}","templated":true}]}}