{"id":6719,"date":"2023-07-16T16:08:11","date_gmt":"2023-07-16T14:08:11","guid":{"rendered":"https:\/\/sporthistory.eu\/?page_id=6719"},"modified":"2023-07-16T17:25:15","modified_gmt":"2023-07-16T15:25:15","slug":"vakifbank-spor-kulubu","status":"publish","type":"page","link":"https:\/\/sporthistory.eu\/en\/%ce%b2%cf%8c%ce%bb%ce%bb%ce%b5%cf%8a\/sultanlar-ligi-women\/vakifbank-spor-kulubu\/","title":{"rendered":"Vak\u0131fBank Spor Kul\u00fcb\u00fc"},"content":{"rendered":"<div class=\"vc_row wpb_row vc_row-fluid\"><div class=\"wpb_column vc_column_container vc_col-sm-12\"><div class=\"vc_column-inner\"><div class=\"wpb_wrapper\">\n\t<div class=\"wpb_text_column wpb_content_element\" >\n\t\t<div class=\"wpb_wrapper\">\n\t\t\t<h3><strong>2022-2023<\/strong><\/h3>\n\n\t\t<\/div>\n\t<\/div>\n<\/div><\/div><\/div><\/div><div class=\"vc_row wpb_row vc_row-fluid\"><div class=\"wpb_column vc_column_container vc_col-sm-4\"><div class=\"vc_column-inner\"><div class=\"wpb_wrapper\">\n\t<div  class=\"wpb_single_image wpb_content_element vc_align_left\">\n\t\t\n\t\t<figure class=\"wpb_wrapper vc_figure\">\n\t\t\t<a href=\"https:\/\/sporthistory.eu\/en\/2023\/07\/16\/vakifbank-spor-kulubu-w-2022-2023-home-jersey-cev-champions-league-version\/\" target=\"_self\" class=\"vc_single_image-wrapper   vc_box_border_grey\"><img decoding=\"async\" width=\"1024\" height=\"585\" src=\"https:\/\/sporthistory.eu\/wp-content\/uploads\/2023\/07\/Jersey-VakifBankVC_W_2223H_CEV-1-1024x585.png\" class=\"vc_single_image-img attachment-large\" alt=\"\" srcset=\"https:\/\/sporthistory.eu\/wp-content\/uploads\/2023\/07\/Jersey-VakifBankVC_W_2223H_CEV-1-1024x585.png 1024w, https:\/\/sporthistory.eu\/wp-content\/uploads\/2023\/07\/Jersey-VakifBankVC_W_2223H_CEV-1-300x171.png 300w, https:\/\/sporthistory.eu\/wp-content\/uploads\/2023\/07\/Jersey-VakifBankVC_W_2223H_CEV-1-150x86.png 150w, https:\/\/sporthistory.eu\/wp-content\/uploads\/2023\/07\/Jersey-VakifBankVC_W_2223H_CEV-1-768x438.png 768w, https:\/\/sporthistory.eu\/wp-content\/uploads\/2023\/07\/Jersey-VakifBankVC_W_2223H_CEV-1-18x10.png 18w, https:\/\/sporthistory.eu\/wp-content\/uploads\/2023\/07\/Jersey-VakifBankVC_W_2223H_CEV-1.png 1100w\" sizes=\"(max-width: 1024px) 100vw, 1024px\" \/><\/a>\n\t\t<\/figure>\n\t<\/div>\n<\/div><\/div><\/div><\/div>","protected":false},"excerpt":{"rendered":"2022-2023","protected":false},"author":1,"featured_media":6718,"parent":6713,"menu_order":0,"comment_status":"closed","ping_status":"closed","template":"","meta":{"pagelayer_contact_templates":[],"_pagelayer_content":"","_monsterinsights_skip_tracking":false,"_monsterinsights_sitenote_active":false,"_monsterinsights_sitenote_note":"","_monsterinsights_sitenote_category":0,"footnotes":""},"class_list":["post-6719","page","type-page","status-publish","has-post-thumbnail","hentry"],"aioseo_notices":[],"_links":{"self":[{"href":"https:\/\/sporthistory.eu\/en\/wp-json\/wp\/v2\/pages\/6719","targetHints":{"allow":["GET"]}}],"collection":[{"href":"https:\/\/sporthistory.eu\/en\/wp-json\/wp\/v2\/pages"}],"about":[{"href":"https:\/\/sporthistory.eu\/en\/wp-json\/wp\/v2\/types\/page"}],"author":[{"embeddable":true,"href":"https:\/\/sporthistory.eu\/en\/wp-json\/wp\/v2\/users\/1"}],"replies":[{"embeddable":true,"href":"https:\/\/sporthistory.eu\/en\/wp-json\/wp\/v2\/comments?post=6719"}],"version-history":[{"count":0,"href":"https:\/\/sporthistory.eu\/en\/wp-json\/wp\/v2\/pages\/6719\/revisions"}],"up":[{"embeddable":true,"href":"https:\/\/sporthistory.eu\/en\/wp-json\/wp\/v2\/pages\/6713"}],"wp:featuredmedia":[{"embeddable":true,"href":"https:\/\/sporthistory.eu\/en\/wp-json\/wp\/v2\/media\/6718"}],"wp:attachment":[{"href":"https:\/\/sporthistory.eu\/en\/wp-json\/wp\/v2\/media?parent=6719"}],"curies":[{"name":"wp","href":"https:\/\/api.w.org\/{rel}","templated":true}]}}